{"id":185,"date":"2021-06-06T18:26:42","date_gmt":"2021-06-06T16:26:42","guid":{"rendered":"http:\/\/cabri.eu\/?page_id=185"},"modified":"2021-06-06T18:56:18","modified_gmt":"2021-06-06T16:56:18","slug":"it-consultancy","status":"publish","type":"page","link":"https:\/\/cabri.eu\/index.php\/it-consultancy\/","title":{"rendered":"IT Consultancy"},"content":{"rendered":"<p><img decoding=\"async\" width=\"222\" height=\"83\" src=\"http:\/\/cabri.eu\/wp-content\/uploads\/2021\/06\/ChequesEN.png\" alt=\"\" loading=\"lazy\" \/>\t\t\t\t\t\t\t\t\t\t\t\t\t\t<\/p>\n<h3><b><i>75 % du financement de la consultance IT sont pris en charge par les ch\u00e8ques-entreprises num\u00e9riques ! Une opportunit\u00e9 unique pour des experts de qualit\u00e9s !<\/i><\/b><\/h3>\n<p>\t\t\t\t\t\t\t\t\t\t\t\t<img decoding=\"async\" width=\"1024\" height=\"574\" src=\"http:\/\/cabri.eu\/wp-content\/uploads\/2021\/06\/Axxes-IT-Consultancy-landingpage-1024x574.jpg\" alt=\"\" loading=\"lazy\" srcset=\"http:\/\/cabri.eu\/wp-content\/uploads\/2021\/06\/Axxes-IT-Consultancy-landingpage-1024x574.jpg 1024w, http:\/\/cabri.eu\/wp-content\/uploads\/2021\/06\/Axxes-IT-Consultancy-landingpage-300x168.jpg 300w, http:\/\/cabri.eu\/wp-content\/uploads\/2021\/06\/Axxes-IT-Consultancy-landingpage-768x430.jpg 768w, http:\/\/cabri.eu\/wp-content\/uploads\/2021\/06\/Axxes-IT-Consultancy-landingpage-1536x860.jpg 1536w, http:\/\/cabri.eu\/wp-content\/uploads\/2021\/06\/Axxes-IT-Consultancy-landingpage-2048x1147.jpg 2048w\" sizes=\"auto, (max-width: 1024px) 100vw, 1024px\" \/>\t\t\t\t\t\t\t\t\t\t\t\t\t\t<\/p>\n<h2>\n<h5 style=\"text-transform: none; font-style: normal; color: rgb(122, 122, 122); white-space: normal;\">Vous avez besoin de consultants IT ? Financ\u00e9s \u00e0 75 % ? N&rsquo;h\u00e9sitez pas \u00e0 nous faire parvenir votre demande via le contact form, ou directement par t\u00e9l\u00e9phone. Notre experience englobe la mise en place et la gestion de votre infratstucure avec une attention particuli\u00e8re \u00e0 sa s\u00e9curit\u00e9 ! Nous pouvons egalement assurer des formations specifiques en s\u00e9curit\u00e9 informatique.<\/h5>\n<\/h2>\n","protected":false},"excerpt":{"rendered":"<p>75 % du financement de la consultance IT sont pris en charge par les ch\u00e8ques-entreprises num\u00e9riques ! Une opportunit\u00e9 unique pour des experts de qualit\u00e9s ! Vous avez besoin de consultants IT ? Financ\u00e9s \u00e0 75 % ? N&rsquo;h\u00e9sitez pas \u00e0 nous faire parvenir votre demande via le contact form, ou directement par t\u00e9l\u00e9phone. Notre [&hellip;]<\/p>\n","protected":false},"author":1,"featured_media":0,"parent":0,"menu_order":0,"comment_status":"closed","ping_status":"closed","template":"","meta":{"footnotes":""},"class_list":["post-185","page","type-page","status-publish","hentry"],"_links":{"self":[{"href":"https:\/\/cabri.eu\/index.php\/wp-json\/wp\/v2\/pages\/185","targetHints":{"allow":["GET"]}}],"collection":[{"href":"https:\/\/cabri.eu\/index.php\/wp-json\/wp\/v2\/pages"}],"about":[{"href":"https:\/\/cabri.eu\/index.php\/wp-json\/wp\/v2\/types\/page"}],"author":[{"embeddable":true,"href":"https:\/\/cabri.eu\/index.php\/wp-json\/wp\/v2\/users\/1"}],"replies":[{"embeddable":true,"href":"https:\/\/cabri.eu\/index.php\/wp-json\/wp\/v2\/comments?post=185"}],"version-history":[{"count":16,"href":"https:\/\/cabri.eu\/index.php\/wp-json\/wp\/v2\/pages\/185\/revisions"}],"predecessor-version":[{"id":213,"href":"https:\/\/cabri.eu\/index.php\/wp-json\/wp\/v2\/pages\/185\/revisions\/213"}],"wp:attachment":[{"href":"https:\/\/cabri.eu\/index.php\/wp-json\/wp\/v2\/media?parent=185"}],"curies":[{"name":"wp","href":"https:\/\/api.w.org\/{rel}","templated":true}]}}