{"id":292,"date":"2022-04-06T11:43:54","date_gmt":"2022-04-06T09:43:54","guid":{"rendered":"http:\/\/cabri.eu\/?page_id=292"},"modified":"2026-02-07T13:15:55","modified_gmt":"2026-02-07T12:15:55","slug":"declaration-de-cookies","status":"publish","type":"page","link":"https:\/\/cabri.eu\/index.php\/declaration-de-cookies\/","title":{"rendered":"Politique relative aux Cookies"},"content":{"rendered":"\n<h3 class=\"wp-block-heading\">Politique relative aux cookies (UE)<\/h3>\n\n\n\n<p><\/p>\n\n\n\n<h3 class=\"wp-block-heading\">1. Introduction<\/h3>\n\n\n\n<p>La pr\u00e9sente politique relative aux cookies explique comment <strong>CABRI.EU<\/strong> utilise les cookies et les technologies similaires pour vous reconna\u00eetre lorsque vous visitez notre site web. Elle explique ce que sont ces technologies, pourquoi nous les utilisons, ainsi que vos droits pour contr\u00f4ler notre utilisation de celles-ci.<\/p>\n\n\n\n<h3 class=\"wp-block-heading\">2. Qu&rsquo;est-ce qu&rsquo;un cookie ?<\/h3>\n\n\n\n<p>Les cookies sont de petits fichiers de donn\u00e9es qui sont plac\u00e9s sur votre ordinateur ou votre appareil mobile lorsque vous visitez un site web. Ils sont largement utilis\u00e9s par les propri\u00e9taires de sites web pour faire fonctionner leurs sites, ou pour les faire fonctionner plus efficacement, ainsi que pour fournir des informations de reporting.<\/p>\n\n\n\n<h3 class=\"wp-block-heading\">3. Pourquoi utilisons-nous des cookies ?<\/h3>\n\n\n\n<p>Nous utilisons des cookies pour plusieurs raisons :<\/p>\n\n\n\n<ul class=\"wp-block-list\">\n<li><strong>Cookies essentiels :<\/strong> Ils sont n\u00e9cessaires pour des raisons techniques afin que notre site puisse fonctionner.<\/li>\n\n\n\n<li><strong>Cookies de performance et de fonctionnalit\u00e9 :<\/strong> Ils servent \u00e0 am\u00e9liorer l&rsquo;exp\u00e9rience utilisateur mais ne sont pas essentiels.<\/li>\n\n\n\n<li><strong>Cookies analytiques :<\/strong> Ils nous aident \u00e0 comprendre comment notre site est utilis\u00e9 (via des outils comme Google Analytics).<\/li>\n<\/ul>\n\n\n\n<p><\/p>\n\n\n\n<h3 class=\"wp-block-heading\">4. Le consentement via Cookiebot<\/h3>\n\n\n\n<p>Conform\u00e9ment au RGPD, nous recueillons votre consentement explicite avant d&rsquo;installer tout cookie non essentiel sur votre terminal.<\/p>\n\n\n\n<ul class=\"wp-block-list\">\n<li>Vous pouvez modifier vos pr\u00e9f\u00e9rences ou retirer votre consentement \u00e0 tout moment via la banni\u00e8re <strong>Cookiebot<\/strong> qui appara\u00eet sur notre site.<\/li>\n\n\n\n<li>Votre \u00e9tat de consentement actuel et l&rsquo;historique de vos modifications sont g\u00e9r\u00e9s en toute transparence par cet outil.<\/li>\n<\/ul>\n\n\n\n<p><\/p>\n\n\n\n<h3 class=\"wp-block-heading\">5. D\u00e9claration de cookies<\/h3>\n\n\n\n<p><strong><script\n\t\ttype=\"text\/javascript\"\n\t\tid=\"CookieDeclaration\"\n\t\tsrc=\"https:\/\/consent.cookiebot.com\/6366f998-b5a9-409b-9583-b7b930c06d83\/cd.js\"\n\t\t\tdata-culture=\"FR\"\n\t\tasync><\/script>\n<\/strong><\/p>\n\n\n\n<p class=\"has-white-color has-text-color\"><strong>[]<\/strong><\/p>\n","protected":false},"excerpt":{"rendered":"<p>Politique relative aux cookies (UE) 1. Introduction La pr\u00e9sente politique relative aux cookies explique comment CABRI.EU utilise les cookies et les technologies similaires pour vous reconna\u00eetre lorsque vous visitez notre site web. Elle explique ce que sont ces technologies, pourquoi nous les utilisons, ainsi que vos droits pour contr\u00f4ler notre utilisation de celles-ci. 2. Qu&rsquo;est-ce [&hellip;]<\/p>\n","protected":false},"author":1,"featured_media":0,"parent":0,"menu_order":0,"comment_status":"closed","ping_status":"closed","template":"","meta":{"footnotes":""},"class_list":["post-292","page","type-page","status-publish","hentry"],"_links":{"self":[{"href":"https:\/\/cabri.eu\/index.php\/wp-json\/wp\/v2\/pages\/292","targetHints":{"allow":["GET"]}}],"collection":[{"href":"https:\/\/cabri.eu\/index.php\/wp-json\/wp\/v2\/pages"}],"about":[{"href":"https:\/\/cabri.eu\/index.php\/wp-json\/wp\/v2\/types\/page"}],"author":[{"embeddable":true,"href":"https:\/\/cabri.eu\/index.php\/wp-json\/wp\/v2\/users\/1"}],"replies":[{"embeddable":true,"href":"https:\/\/cabri.eu\/index.php\/wp-json\/wp\/v2\/comments?post=292"}],"version-history":[{"count":8,"href":"https:\/\/cabri.eu\/index.php\/wp-json\/wp\/v2\/pages\/292\/revisions"}],"predecessor-version":[{"id":594,"href":"https:\/\/cabri.eu\/index.php\/wp-json\/wp\/v2\/pages\/292\/revisions\/594"}],"wp:attachment":[{"href":"https:\/\/cabri.eu\/index.php\/wp-json\/wp\/v2\/media?parent=292"}],"curies":[{"name":"wp","href":"https:\/\/api.w.org\/{rel}","templated":true}]}}